{"id":6,"date":"2011-11-30T20:17:30","date_gmt":"2011-11-30T20:17:30","guid":{"rendered":"http:\/\/www.epiphany.no\/?page_id=6"},"modified":"2025-11-17T16:26:05","modified_gmt":"2025-11-17T16:26:05","slug":"cv","status":"publish","type":"page","link":"http:\/\/www.epiphany.no\/?page_id=6","title":{"rendered":"Vita\/ CV"},"content":{"rendered":"<p><span>Vita\/ CV<\/span><\/p>\n<p><span>Vidar Bratlund-M\u00e6land<\/span><\/p>\n<p><span>F:1978<\/span><\/p>\n<p><span>Os, Hordaland, Norway<\/span><\/p>\n<p><span>Adress: Solbakken 3, 5209 Os, Norway<\/span><\/p>\n<p><span>Tlf:(+47) 98 00 18 61<\/span><\/p>\n<p><span>E-mail: Vidar@epiphany.no \/ Vidar@osfilm.no<\/span><\/p>\n<p><span><a href=\"http:\/\/www.solbakkestova.no\/\">www.solbakkestova.no<\/a><\/span><span>\/ <a href=\"http:\/\/www.epiphany.no\">www.epiphany.no<\/a><\/span><\/p>\n<p><span><a href=\"https:\/\/www.facebook.com\/bratlundmaeland\">https:\/\/www.facebook.com\/bratlundmaeland<\/a><\/span><\/p>\n<p><span>Instagram: @kaldkaffisauen<\/span><\/p>\n<p><em><strong>Medlemskap\/Membership:<\/strong><\/em><\/p>\n<p><span>Bildende Kunstneres Forening Hordaland (BKFH)<\/span><\/p>\n<p><span>Norske Billedkunstnere (NBK)<\/span><\/p>\n<p><span>Styreverv<\/span><span>:<\/span><\/p>\n<p><span>Foreninga Romfartsminne 2022-<\/span><\/p>\n<p><span>Skaparstova -Bj\u00f8rnafjorden makerspace- 2019-2025<\/span><\/p>\n<p><span>Oseana kunst og kulturhus 2017-2023<\/span><\/p>\n<p><span>Stiftinga hisorisketunet p\u00e5 lyngheim 2006-2024<\/span><\/p>\n<p><span>Solbakken salongfestival 2018-<\/span><\/p>\n<p><span>WT litteraturfestival 2011-14<\/span><\/p>\n<p><span>Billetsymposiet i Os 2014-<\/span><\/p>\n<p><span>Fritio i Os 2006-2009<\/span><\/p>\n<p><span>WT filmfestival 1999- 2008<\/span><\/p>\n<p><span>\u00a0<\/span><\/p>\n<p><em><strong>Utmerkingar:<\/strong><\/em><\/p>\n<p><span>Os og Fusapostens Kultur pris 2009<\/span><\/p>\n<p><em><strong>Oppdrag\/Commisions :\u00a0<\/strong><\/em><\/p>\n<p><span>1994 Skulptur bronse \u201eSpiderman\u201c Levert: Oslo -Sculpture Bronze<\/span><\/p>\n<p><span>1997 Monolitt Skulptur i Bronse levert privat oppdrag Bergen -Sculpture Bronze<\/span><\/p>\n<p><span>1998 Skulptur bronse Os kommune Likestillingspris. Levert: Os -Sculpture Bronze<\/span><\/p>\n<p><span>1999- Skulptur bronse Arna Bydel \u201dFrivilligpris\u201d. Levert: Arna\/Bergen -Sculpture Bronze<\/span><\/p>\n<p><span>1999 Skulptur gips WT Os Filmfestival -Os -Sculpture Plaster<\/span><\/p>\n<p><span>2000- Skulptur bronse Rieber fondene\u2019s \u201dOmsorgspris\u201c utdeles \u00e5rlig. Levert: Bergen -Sculpture Bronze<\/span><\/p>\n<p><span>2000 Skulptur bronse Til privat samling Levert: Belgia -Sculpture Bronze<\/span><\/p>\n<p><span>2001- Skulptur bronse Kunstforum Bergen \u201dKulturpris\u201d. Levert: Bergen -Sculpture Bronze<\/span><\/p>\n<p><span>2001 Skulptur bronse Skulptur til gravplass. Levert: Os -Sculpture Bronze<\/span><\/p>\n<p><span>2001 Maleri i Acryl Privat person. Levert: Bergen -Paintings<\/span><\/p>\n<p><span>2002 Skulptur bronse Skulptur til gravplass. Levert: Os -Grav Sculpted in bronze<\/span><\/p>\n<p><span>2002 Skulptur bronse \u201dHavjomfruen og hypolytos\u201d. Skulptur i skjergarden rundt Os. (Ulvesundet) -Sculpture Bronze<\/span><\/p>\n<p><span>2002- Skulptur bronse WT Os Filmfestival ny Festival statuett. -Sculpture Bronze<\/span><\/p>\n<p><span>2002 Skulptur bronse Til privat samling Levert: Irland -Sculpture Bronze<\/span><\/p>\n<p><span>2003 Skulptur bronse Stor Gravst\u00f8tte Levert: Stord -Sculpture Bronze<\/span><\/p>\n<p><span>2003 Skulptur bronse \u201dEngelsk setter\u201d Levert: Oslo -Sculpture Bronze<\/span><\/p>\n<p><span>2004 Maleri Portrett 1 Byggeren Austevoll. Levert: Austevoll<\/span><\/p>\n<p><span>2004 Maleri Portrett 2 Byggeren Austevoll. Levert: Austevoll -Paintings<\/span><\/p>\n<p><span>2004 Skulptur bronse \u201dTigeren\u201d . I lag med Arne M\u00e6land. Levert: Os -Sculpture Bronze<\/span><\/p>\n<p><span>2004 Skulptur bronse AD\/HD foreningens \u00e6respris. Levert: Oslo. -Sculpture Bronze<\/span><\/p>\n<p><span>2005 Skulptur bronse Forsvarets likestillings pris Levert: Bergen -Sculpture Bronze<\/span><\/p>\n<p><span>2006 Relief Bronse Pris Os IFU -Os -Sculpture Bronze<\/span><\/p>\n<p><span>2006 Skulptur Bronse Strand lek. (Samarbeid med Arne M\u00e6land) Kristiansand.-Sculpture Bronze<\/span><\/p>\n<p><span>2006 Skulptur Bronse R\u00f8yskatt. Uteskulptur p\u00e5 Liafjellet Os.-Sculpture Bronze<\/span><\/p>\n<p><span>2006 Skulptur Bronse Ravn. Os -Sculpture Bronze<\/span><\/p>\n<p><span>2006 Skulptur Bronse Byste av Forfattaren Ingvar Moe, Levert: Etne Kommune \u2013 Bust Sculpture Bronze<\/span><\/p>\n<p><span>2006 Maleri Osbadet. Kj\u00f8pt av byggherre. Levert: Os -Paintings<\/span><\/p>\n<p><span>2006 Skulptur Bronse Utbryter (man i ring) kj\u00f8pt av Os kommune Levert: Os -Sculpture Bronze<\/span><\/p>\n<p><span>2006 Maleri Bj\u00f8rnefjorden Hjertesenter. -Levert: Os -Paintings<\/span><\/p>\n<p><span>2007 Maleri Hylland invest utsmykking -Os -Paintings<\/span><\/p>\n<p><span>2007 Skulptur bronse minnesmerke over Eidesheim og KNM Hitra. (ilag med Arne M\u00e6land) -Eknesv\u00e5gens -Relif Bronze<\/span><\/p>\n<p><span>2007 Skulptur Bronse Os kulturutvikling. -Os -Sculpture Bronze<\/span><\/p>\n<p><span>2007 Skulptur Aleminimum Laks til Etne Jakt og fiskelag. -Etne. -Sculpture aluminium<\/span><\/p>\n<p><span>2008 Skulptur Bronse R\u00f8yskatt. Skulptur p\u00e5 Fl\u00f8yfjelletet (i lag med Arne M\u00e6land) -Bergen.-Sculpture Bronze<\/span><\/p>\n<p><span>2008 Maleri Hylland invest utsmykking -Os -Paintings<\/span><\/p>\n<p><span>2008 Byste Glass\/ bronse og granitt. Moldeg\u00e5rd. (i lag med Arne M\u00e6land)Os -Sculpture Bronze<\/span><\/p>\n<p><span>2008 Relief bronse av Fransk buldog -Bergen.-Relif Bronze<\/span><\/p>\n<p><span>2008 Skulptur til grav i bronse. -Os -Sculpture Bronze for a Grave<\/span><\/p>\n<p><span>2008 Skulptur bronse i full storleik. Varg Veum -Bergen sentrum. -Sculpture Bronze<\/span><\/p>\n<p><span>2008 Skulptur bronse Varg Veum Spesialutgave Hylland invest -Os .-Sculpture Bronze<\/span><\/p>\n<p><span>2008 Maleri Ferjekaptein. -Austevoll -Painting<\/span><\/p>\n<p><span>2008 Skulptur Bronse -Ny spesial pris WT Os int. Filmfestival -Os -Sculpture Bronze<\/span><\/p>\n<p><span>2009 Skulptur bronse Varg Veum Utsmykking -Bergen -Sculpture Bronze<\/span><\/p>\n<p><span>2009 Skulptur Bronse Katt til gravstein -Os -Sculpture Bronze for a Grave<\/span><\/p>\n<p><span>2009 Skulptur bronse Varg Veum Utsmykking -Os -Sculpture Bronze<\/span><\/p>\n<p><span>2009 Skulptur Bronse, Lekeskulptur Dachs, Kulur barnehager -\u00c5lesund \u2013 Sculpture Bronze<\/span><\/p>\n<p><span>2009 Skulptur Bronse Monument Petter Str\u00f8msing i Skjoldastraumen Levert til Tysv\u00e6r Kommune \u2013 Sculpture Bronze<\/span><\/p>\n<p><span>2009 Skulptur Bronse Pris DINHA -Voss \u2013 Sculpture Bronze<\/span><\/p>\n<p><span>2009 Relief Bronse Ivar Medaas-prisen -Bergen \u2013 Relif Broze<\/span><\/p>\n<p><span>2010 13 stk. Maleri Utsmykking for Rederiet Eidesvik \u2013 13 Paintings for Eidesvik<\/span><\/p>\n<p><span>2010 Bronse plate med portrett av Ole Bull- Os kommune \u2013 Relif Broze<\/span><\/p>\n<p><span><a href=\"http:\/\/go.nrk.no\/go\/e\/nettvleft;siteId=185;afu=www.nrk.noa47nett-tva47indeksa47286407\/http:\/\/www.nrk.no\/nett-tv\/indeks\/286407\">2010 Skulptur Byste \u201dOpseth\u201d for NRK avd. Bergen<\/a><\/span><span> \u2013 Bust Sculpture in Plaster for NRK TV<\/span><\/p>\n<p><span>2010 Pris Skulptur Bronse Ny pris for Arna frivilligsentral -Arna \u2013 Sculpture Broze<\/span><\/p>\n<p><span>2011 Lekeskulptur av flodhest i bronse \u201dippo\u201d til Kulur Waldemar Barnehage -Oslo \u2013 Sculpture Broze<\/span><\/p>\n<p><span>2011 Byste i bronse Arne Bendiksen -Bergen \u2013 \u2013Bust Sculpture Bronze<\/span><\/p>\n<p><span>2011 Full skulptur kvinne \u201dKystkvinne\u201d Hagarnes i Fjell p\u00e5 Sotra \u2013 Sculpture Bronze<\/span><\/p>\n<p><span>2011 15 stk. maleri Utsmykking for Rederiet Eidesvik \u2013 15 Paintings for Eidesvik<\/span><\/p>\n<p><span>2011 Minne plate Petter Str\u00f8msing i bronse med portrett for Foreningen Romanifolkets Kystkultur -Sirdal- -Relife Bronze<\/span><\/p>\n<p><span>2012 2 maleri i 130cmx180cm og to skulpturer til S\u00e6dalen skole i Bergen \u2013 2 Bronze Sculptures and Painting to Bergen City and S\u00e6dalen Elementry School<\/span><\/p>\n<p><span>2012 21 stk. maleri Utsmykking for Rederiet Eidesvik- 21 Paintings for Eidesvik<\/span><\/p>\n<p><span>2012 Skulpturmodeller og bronseplater til Kayzer monument, Fulskala skulptur utf\u00f8rt av Arne M\u00e6land- Sculpture models, Consept in Bronze for Arne M\u00e6land<\/span><\/p>\n<p><span>2012 Bronse minneplate Aksdal historielag. -Relife Bronze<\/span><\/p>\n<p><span>2012 Bronse relieff av Anna Osa Voss \u2013 Relife Bronze<\/span><\/p>\n<p><span>2012 Relief til grav \u201cB\u00e5t\u201d levert til Os \u2013 Relif Bronze<\/span><\/p>\n<p><span>2012 Skulptur til Lyssand Tre p\u00e5 Os \u2013 Sculpture Bronze<\/span><\/p>\n<p><span>2013 Byste av Kontreadmiral Charles Oluf Herlofson til Sj\u00f8krigsskolen i Bergen \u2013 Bust Sculpture Bronze<\/span><\/p>\n<p><span>2013 Byste av krigshelt Johan Kalve til Austevoll kommune \u00a0\u2013 Bust Sculpture Bronze<\/span><\/p>\n<p><span>2013 Lekeskulptur \u00abJettScratt\u00bb Bronse Bergen \u2013 Sculpture Bronze<\/span><\/p>\n<p><span>2013 Teikning tusj. Stavanger \u2013 Comission Drawing<\/span><\/p>\n<p><span>2013 Relief Bronse av Chr. Wilhelm Segelcke, Engevik gaard Fusa-\u00a0<\/span><span>Comission<\/span><span>\u00a0Relief Bronze<\/span><\/p>\n<p><span>2014 Skulptur p\u00e5 sokkel i bronse \u201cOrvil\u201d NHH Bergen . <\/span><span>Sculpture Bronze<\/span><\/p>\n<p><span>2014 Statuetter i bronse \u00abOrvil \u00e6respris\u201d til Uken NHH Bergen<\/span><\/p>\n<p><span>2014 Byste av Vernepliktig orlogskaptein Arne Frithjof Sveen til Haakonsvern i Bergen.<\/span><\/p>\n<p><span>2014 skulptur til grav \u201cSommerfugl\u201d levert til Os \u2013 sculptur Bronze<\/span><\/p>\n<p><span>2014 skulptur til grav \u201cBilmerke\u201d levert til Os \u2013 Relif Bronze<\/span><\/p>\n<p><span>2014 Skulptur i bronse av Katharina Saltnes Lind\u00e5s, <\/span><span>Sculpture Bronze<\/span><\/p>\n<p><span>2014 minneplate i bronse av\u00a0 Flystryrten ved Reksten, tysnes. \u2013\u00a0<\/span><span> Bronze plate<\/span><\/p>\n<p><span>2015 Skulptur til hage \u00abH\u00f8ner\u00bb\u00a0<\/span><\/p>\n<p><span>2015\u00a0Minnesmerke i bronse og granitt. Over Enkelymennesklets insats i krigen 1940-45 og Marie \u00d8strem. Os \u2013 Memorial Bronze and Granit<\/span><\/p>\n<p><span>2015 Skulptur i bronse \u201cDugnadskaren\u201d Sm\u00f8r\u00e5sfjellets venner<\/span><\/p>\n<p><span><a href=\"http:\/\/tv.nrk.no\/serie\/norge-rundt\/DVNR04003415\/21-08-2015\">2015 Byste til NRK Norge Rundt<\/a><\/span><\/p>\n<p><span>2016 Skyttarstauett Bronse Os skyttarlag<\/span><\/p>\n<p><span>2016 Minne over reisande i Vik Bronse<\/span><\/p>\n<p><span>2017 Dobbelskulptur av Kari og Nils Lerum full storleik bronse.<\/span><\/p>\n<p><span>2017 Minne over Kaptein Per Hysing-Dahl, statue i bronse. Flesland Flyplass<\/span><\/p>\n<p><span>2017 Hugsj\u00e1\/ Nordvegen Os i Oseana i regi av Festspela i Bergen. \u00a0Bilete til bruk p\u00e5 lerret under konsert.<\/span><\/p>\n<p><span>2017 2 maleri til Os kommune<\/span><\/p>\n<p><span>2017 \u201cOst og Vin\u201d\u00a0Skulptur i Bronse og Granitt til Os kommune.<\/span><\/p>\n<p><span>2017 \u201cLiggande jente\/Oda\u201d Skulptur i bronse til Tropehagen ved Luranetunet Omsorgsboliger,\u00a0Os Kommune<\/span><\/p>\n<p><span>2018 Byste av Knut Gribb i Bronse. Til Riverton klubben. Avduka p\u00e5 literaturhuset i Oslo\u00a0<\/span><\/p>\n<p><span>2018 Sib katten, skulptur i bronse til Studentane p\u00e5 UiB,.<\/span><\/p>\n<p><span>2018 \u201cLiggande jente\/Oda\u201d Skulptur i bronse til Etne Omsorgsenter i Etne Kommune<\/span><\/p>\n<p><span>2019 Skulptur i bronse av forfatter Johannes Heggland. Tysnes<\/span><\/p>\n<p><span>2019 Skulptur i bronse, \u00ab Kvalfanger\u00bbKystparken p\u00e5 Rogn i \u00d8ygarden<\/span><\/p>\n<p><span>2020 Bronsebyste Petter Salen, Krigsminne, Bergen.<span class=\"Apple-converted-space\">\u00a0<\/span><\/span><\/p>\n<p><span>2020 Bronserelief av Jakob Strandheim, Krigsminne, \u00d8ygarden.\u00a0<\/span><\/p>\n<p><span>2020 Skulptur av golfer i bronse. Privat oppdragsgiver.<\/span><\/p>\n<p><span>2020 Skulptur av kvinne i bronse. Privat oppdragsgiver<\/span><\/p>\n<p><span>2020 Relief til fasade av N\u00f8kken i bronse. Privat oppdragsgiver<\/span><\/p>\n<p><span>2021 Bronsebyste Karl Nesfossen, Krigsminne, Lind\u00e5s.\u00a0<\/span><\/p>\n<p><span>2021 Bronserelief\/plate over ferga Uren, Bergen\u00a0<\/span><\/p>\n<p><span>2022 Bronsskulptur minne over Strandsitjarane, Solvoren, Lyster kommune, Sogn<\/span><\/p>\n<p><span>2022 Bronseskulptur over Johannes Kleppevik, Klokkarvik, \u00d8ygarden kommune<\/span><\/p>\n<p><span>2023 Minnesmerke i bronse og granitt over Norsk romfartshistorie og Alfred Lunde, Lunde i Bj\u00f8rnafjorden.<span class=\"Apple-converted-space\">\u00a0<\/span><\/span><\/p>\n<p><span>2023 Bronseskulptur minnesmerke i Bronse og granitt over Handelsmarinen under ww2. <span class=\"Apple-converted-space\">\u00a0<\/span><\/span><\/p>\n<p><span>2023 Skulptur i bronse og marmor minneskulptur over Oppdretsgrynder i \u00d8ygarden Kommune.<\/span><\/p>\n<p>2024 Heilskulptur av jente p\u00e5 benk med katt i bronse til Kyshospitalet i Hagavik. Tittel &#8220;Frida&#8221;<\/p>\n<p>2024 Skulptur i bronse av Gjenbruksgudinna Aurora samt 8 <span>bilder til Stena recycling p\u00e5 Laksev\u00e5g, Bergen<\/span><\/p>\n<p>2024 Gravminne skulptur \u00abskater\u00bb<\/p>\n<p>2025 Skulptur i bronse, minnesmerke over Ingeborg i Skagarneset i Manger,<\/p>\n<p>2025 Statuett i bronse bedriftsgave. G C Rieber<\/p>\n<p><span>2025 Statuett i bronse jubileumsgave sm\u00f8r\u00e5sfjellets venner.<\/span><\/p>\n<p>2025 Skulptur i bronse \u00ab Ole Vik, Hivju varient\u00bb til foratteren<\/p>\n<p>2025 relief i bronse portrett over \u00abKartstein Stene\u00bb til minnestein i Lind\u00e5s kyrkjepark, Alver kommune<\/p>\n<p>2025 Bronsefigur, gravminne Bergen.<\/p>\n<p>2025 statuett \u00abAne prisen\u00bb vert delt ut f\u00f8rste gang 2026<\/p>\n<p>2026 \u00abPiRat\u00bb bronse skulptur p\u00e5 110cm av ei piratrotte. Skal til Fylingsdalen i Bergen<\/p>\n<p>2026 Portett av Abelone M\u00f8gster p\u00e5 M\u00f8gster p\u00e5 Austevoll, full storleik heilperson i bronse. Vert avduka mai 2026<\/p>\n<p>2026 minne over Ingej\u00f8rg \u00abNursa\u00bb Skogheim p\u00e5 Os i bronse. Vert avduka i 2026<\/p>\n<p>2026 byste av Adm. Eikanger i bronse. \u00a0Vert avduka mai 2026<\/p>\n<p><em><strong>Kunstleker<\/strong><\/em><\/p>\n<p><span>2024 <\/span><span>\u00abBergensdetektiv\u00bb kesji, kunstleke i begrensa opplag.<\/span><\/p>\n<p><span>2024 \u00abmy squishy dodo<\/span><span>\u00bb kesji, kunstleke i begrensa opplag.<\/span><\/p>\n<p><span>2024 \u00abDer Wolf\u00bb<\/span><span>\u00bb kesji, kunstleke i begrensa opplag.<\/span><\/p>\n<p>2024<span>\u00a0<\/span><span>\u00abironjaw, Titian\u00bb kesji, kunstleke i begrensa opplag.<\/span><\/p>\n<p><span>2025 <\/span><span>\u00abFat Naked Ninja Artist, Mirror Noir\u00bb kesji, kunstleke i begrensa opplag.<\/span><\/p>\n<p><span>2025 <\/span><span>\u00abFat Naked Ninja Artist, Atrtemisia\u00bb kesji, kunstleke i begrensa opplag.<\/span><\/p>\n<p><span>2025 <\/span><span>\u00abFat Naked Ninja Artist, Titian\u00bb kesji, kunstleke i begrensa opplag.<\/span><\/p>\n<p>2025 \u00ab<span>MISCELLANEOUS <\/span><span>PIXELD <\/span><span>TOY COLLECTOR\u00bb <\/span><span>kesji, kunstleke i begrensa opplag.<\/span><\/p>\n<p><br \/>2025 <span>\u00abOle Vik, Hivju varient\u00bb kesji, kunstleke i begrensa opplag.<\/span><\/p>\n<p>2025 <span>\u00abPiRat\u00bb kesji, kunstleke i begrensa opplag.<\/span><\/p>\n<p>2025 \u00abPiRat\u00bb Sofubi\/ soft vinyl, kunstleke i begrensa opplag.<\/p>\n<p><em><strong>Barneb\u00f8ker\/Childrens books:<\/strong><\/em><\/p>\n<p><span>\u201dPappa m\u00f8ter kald kaffi sauen\u201d 2009<\/span><\/p>\n<p><span>\u201dKald Kaffi Sauen p\u00e5 stranda\u201d 2010<\/span><\/p>\n<p><span>\u201dN\u00e5r Kald Kaffi Sauen s\u00f8v, dansar pappa p\u00e5 kj\u00f8kkenet. 2011<\/span><\/p>\n<p><span>\u201dkald Kaffi Sauen p\u00e5 slottet.\u201d 2012<\/span><\/p>\n<p><span>\u201cKald Kaffi Sauen i Rommet\u201d 2013<\/span><\/p>\n<p><span>\u201cHeimkj\u00e6r Kollkar, Eit egg i myra\u201d 2017<\/span><\/p>\n<p><span>\u00abRomsnigelen\u00bb 2019<\/span><\/p>\n<p><span>\u00abLea gj\u00f8r som bestefar\u00bb 2020 \u00a0laga i lag med familien.<\/span><\/p>\n<p><span>\u00a0<\/span><\/p>\n<p><em><strong>Julehefter\/chrismas magasines:<\/strong><\/em><\/p>\n<p><span>\u201dGod jul, Kald Kaffi Sauen.\u201d 2011<\/span><\/p>\n<p><span>\u201dSn\u00f8, kakao og kakesau\u201d 2012<\/span><\/p>\n<p><span>\u201cEin juledraum\u201d 2013<\/span><\/p>\n<p><span>\u201cEin Kollkars jul i Skogen\u201d 2014<\/span><\/p>\n<p><span>\u201cSaks og sukkert\u00f8y for Julenissen og andre historier.\u201d 2015<\/span><\/p>\n<p><span>\u201cLys i jolenatt \u2026 og andre historier\u201d2016<\/span><\/p>\n<p><span>\u201cBasmusjul og andre historier\u201d 2017<\/span><\/p>\n<p><span>\u201cEngler i sn\u00f8\u201d 2018 Julehefte<\/span><\/p>\n<p><em><strong>Teikneseriar\/Graphic novels:<\/strong><\/em><\/p>\n<p><span>\u201dGrisly\u201d i 2003<span class=\"Apple-converted-space\">\u00a0<\/span><\/span><\/p>\n<p><span><span class=\"Apple-converted-space\">\u00a0<\/span>\u201dGisly 2,Om tida vil.\u201d i 2004<\/span><\/p>\n<p><span>\u201cEin siste sigar\u201d Teikneserieroman 2014<\/span><\/p>\n<p><span>\u00bbFat Naked Ninja Artist\u00bb miniserie 2023<\/span><\/p>\n<p>\u00bbSommeren 89\u00bb 2024<\/p>\n<p><em><strong>Konkuranser\/Competitions:<\/strong><\/em><\/p>\n<p><span>2010 Deltatt i OLAV V Skulptur konkuranse.<\/span><\/p>\n<p><span>2011 Deltok konkuranse om minnesmerke for Selvaag -Oslo<\/span><\/p>\n<p><em><strong>Anna\/Other:<\/strong><\/em><\/p>\n<p><span>1998-2004 Illustrert 6stk dikthefter for Bente Bratlund M\u00e6land -Illustrations<\/span><\/p>\n<p><span>Layout\u00a0dikthefte for Bente Bratlund 2011-2016:<\/span><\/p>\n<p><span><span class=\"Apple-tab-span\"> <\/span>\u2022<span class=\"Apple-tab-span\"> <\/span>Her er eg no , 40 \u00e5r 40 dikt-\u00a0Layout\u00a0dikthefte for Bente Bratlund<\/span><\/p>\n<p><span><span class=\"Apple-tab-span\"> <\/span>\u2022<span class=\"Apple-tab-span\"> <\/span>Mitt hjarte har mange rom \u2013 Layout\u00a0dikthefte for Bente Bratlund<\/span><\/p>\n<p><span><span class=\"Apple-tab-span\"> <\/span>\u2022<span class=\"Apple-tab-span\"> <\/span>DEI RAUDE DANSESKOA\u00a0\u2013 Layout\u00a0dikthefter for Bente Bratlund<\/span><\/p>\n<p><span><span class=\"Apple-tab-span\"> <\/span>\u2022<span class=\"Apple-tab-span\"> <\/span>Glimt fr\u00e5 Os\u00a0\u2013 Layout\u00a0dikthefter for Bente Bratlund<\/span><\/p>\n<p><span><span class=\"Apple-tab-span\"> <\/span>\u2022<span class=\"Apple-tab-span\"> <\/span>Fra min veranda<\/span><span>\u2013 Facebookdikt.\u00a0<\/span><span>\u2013 Layout\u00a0dikthefter for Bente Bratlund<\/span><\/p>\n<p><span><span class=\"Apple-tab-span\"> <\/span>\u2022<span class=\"Apple-tab-span\"> <\/span>Opne Porter\u00a0<\/span><span>\u2013 Layout\u00a0dikthefter for Bente Bratlund<\/span><\/p>\n<p><span><span class=\"Apple-tab-span\"> <\/span>\u2022<span class=\"Apple-tab-span\"> <\/span>Fra<a href=\"http:\/\/www.boknett.no\/portal\/book-details\/150154103#\">\u00a0liv<\/a>ets minnebok\u00a0\u2013 Layout\u00a0dikthefter for Bente Bratlund<\/span><\/p>\n<p><span><span class=\"Apple-tab-span\"> <\/span>\u2022<span class=\"Apple-tab-span\"> <\/span>P\u00e5 livsvegen\u00a0\u2013 Layout\u00a0dikthefter for Bente Bratlund<\/span><\/p>\n<p><span><span class=\"Apple-tab-span\"> <\/span>\u2022<span class=\"Apple-tab-span\"> <\/span>Du l\u00e6rte meg kjerlighet- Layout\u00a0dikthefter for Bente Bratlund<\/span><\/p>\n<p><span><span class=\"Apple-tab-span\"> <\/span>\u2022<span class=\"Apple-tab-span\"> <\/span>Plukka Gleder\u00a0\u00a0\u2013 Layout\u00a0dikthefter for Bente Bratlund<\/span><\/p>\n<p><span>1998 Illustrert 1stk kursbok for Den Norske Sj\u00f8manns Misjon. \u2013 Illustrations<\/span><\/p>\n<p><span>1997-2002 Ymse lokale blad illustrasjoner i Os tidskrifter,som : Osingen og Kyrkjeblad m.a. \u2013 Illustrations<\/span><\/p>\n<p><span>2007 Logo Cold Cat AS \u2013 Logo design<\/span><\/p>\n<p><span>2008 Logo m.m Altped. \u2013 Logo design<\/span><\/p>\n<p><span>2008 Juleavis for Frodevidars. \u2013 Editing, layout and other<\/span><\/p>\n<p><span>2010 Frode Vidars Festivalavis. \u2013 Editing, layout and other<\/span><\/p>\n<p><span>2010 CD cover for Jostein Berges plate \u201dTurn the soil\u201d \u2013 Layout design and illustrations<\/span><\/p>\n<p><span>2017 CD cover for Jostein Berges plate \u201dSunrise\u201d<\/span><\/p>\n<p><span>2010 Forside for bok \u201dSvart Fugl\u201d p\u00e5 Lettlest forlag \u2013 Cover design<\/span><\/p>\n<p><span>m.m\u00a0<\/span><\/p>\n<p><em><strong>Broskyrer:<\/strong><\/em><\/p>\n<p><span>WT Os intensajonale film festival 2003-2007: Produksjon Flyers, Program magasin. \u2013 layout<\/span><\/p>\n<p><span>Os videreg\u00e5ende skole bibliotek: 2005 Flyer\/bokmerke. \u2013 layout<\/span><\/p>\n<p><span>Fritio i Os: 2007 Program.- layout<\/span><\/p>\n<p><span>2009 Broskyre Stifftinga det historiske tunet p\u00e5 Lyngheim.- layout<\/span><\/p>\n<p><span>2009 Broskyre Utstilling YR op Os. \u2013 layout<\/span><\/p>\n<p><span>\u00a0And more<\/span><\/p>\n<p><em><strong>Musikk\/Music:<\/strong><\/em><\/p>\n<p><span>2008- 09 -2 CD utgiving som Frode Vidars. \u2013 Published band, CD<\/span><\/p>\n<p><em><strong>Film:<\/strong><\/em><\/p>\n<p><span>1999- 2005 Produsert 7 kortfilmar og 3 musikkvideoar. \u2013 Produced 7 Short films, 3 Music videos<\/span><\/p>\n<p><em><strong>Utstillingar\/Exhibitions:<\/strong><\/em><\/p>\n<p><span>Har fast utstilling i Galleri Solbakkestova p\u00e5 Os og p\u00e5 Kunsthuset Wendelboe.<\/span><\/p>\n<p><span>1997 Utstilling Etne<\/span><\/p>\n<p><span>1997 Antatt p\u00e5 Vestlandsutstillinga Skulptur \u201dP\u00e5 p\u00e5le og s\u00e5nt\u201d. Bronse, tekstil og tre. \u2013<\/span><\/p>\n<p><span>1998 Utstilling Etne<\/span><\/p>\n<p><span>2001 Utstilling B\u00f8mlo<\/span><\/p>\n<p><span>2001 Utstilling Etne<\/span><\/p>\n<p><span>2001 Utstilling Fitjar<\/span><\/p>\n<p><span>2001 Utstilling Bergen<\/span><\/p>\n<p><span>2002 Utstilling F\u00f8rde i Hordaland<\/span><\/p>\n<p><span>2004 Utstilling Notodden<\/span><\/p>\n<p><span>2004 Utstilling Fjell Kommune<\/span><\/p>\n<p><span>2005 Utstilling Vindafjord<\/span><\/p>\n<p><span>2005 Utstilling Bergen<\/span><\/p>\n<p><span>2006 Utstliling Sotra<\/span><\/p>\n<p><span>2008 Utstilling Olsvik<\/span><\/p>\n<p><span>2008 Utstilling Ryvarden<\/span><\/p>\n<p><span>2009 Utstilling Odda<\/span><\/p>\n<p><span>2009 Utstilling Os<\/span><\/p>\n<p><span>2010 Juleutstilling Os<\/span><\/p>\n<p><span>2011 fellesutstilling Oseana i Os<\/span><\/p>\n<p><span>2012 Utstilling Alv\u00e6rsund<\/span><\/p>\n<p><span>2014 seperatutstilling Skakkesenteret Etne<\/span><\/p>\n<p><span>2014\u00a0fellesutstilling Moster Amfi<\/span><\/p>\n<p><span>2015 Fellesutstilling \u201cSkulpTur\u201d, arrang\u00f8r Os kulturutvikling. 1 skulptur i bronse, marmor og granitt titekert \u201cOst og Vin\u201d.<\/span><\/p>\n<p><span>2015 Kunsthuset Wendelboe fellsutstilling \u201cSamtid\u201d<\/span><\/p>\n<p><span>2016 Kunsthuset Wendelboe Fellsutstilling med Arne M\u00e6land og Tonje B. M\u00e6land<\/span><\/p>\n<p><span>2017 Hugsj\u00e1\/ Nordvegen Os i Oseana i regi av Festspela i Bergen. \u00a0Bileteutstilling med motiv inspirert av konserten Hugsj\u00e1, Nordvegen\u00a0i foajeen i Oseana.<\/span><\/p>\n<p><span>2019 Utstilling Stord<\/span><\/p>\n<p><span>2019 Utstilling Kundthuset Wendelboe, Bergen<\/span><\/p>\n<p><span>\u00a0<\/span><\/p>\n<p><span>\u00a0<\/span><\/p>\n<p><span>\u00a0<\/span><\/p><p><\/p>","protected":false},"excerpt":{"rendered":"<p>Vita\/ CV Vidar Bratlund-M\u00e6land F:1978 Os, Hordaland, Norway Adress: Solbakken 3, 5209 Os, Norway Tlf:(+47) 98 00 18 61 E-mail: Vidar@epiphany.no \/ Vidar@osfilm.no www.solbakkestova.no\/ www.epiphany.no https:\/\/www.facebook.com\/bratlundmaeland Instagram: @kaldkaffisauen Medlemskap\/Membership: Bildende Kunstneres Forening Hordaland (BKFH) Norske Billedkunstnere (NBK) Styreverv: Foreninga Romfartsminne 2022- Skaparstova -Bj\u00f8rnafjorden makerspace- 2019-2025 Oseana kunst og kulturhus 2017-2023 Stiftinga hisorisketunet p\u00e5 lyngheim 2006-2024 <a class=\"read-more\" href=\"http:\/\/www.epiphany.no\/?page_id=6\">Read More<\/a><\/p>\n","protected":false},"author":1,"featured_media":0,"parent":0,"menu_order":0,"comment_status":"open","ping_status":"open","template":"","meta":{"footnotes":""},"class_list":["post-6","page","type-page","status-publish","hentry"],"yoast_head":"<!-- This site is optimized with the Yoast SEO plugin v24.7 - https:\/\/yoast.com\/wordpress\/plugins\/seo\/ -->\n<title>Vita\/ CV - Vidar Bratlund-M\u00e6land<\/title>\n<meta name=\"robots\" content=\"index, follow, max-snippet:-1, max-image-preview:large, max-video-preview:-1\" \/>\n<link rel=\"canonical\" href=\"http:\/\/www.epiphany.no\/?page_id=6\" \/>\n<script type=\"application\/ld+json\" class=\"yoast-schema-graph\">{\"@context\":\"https:\/\/schema.org\",\"@graph\":[{\"@type\":\"BreadcrumbList\",\"@id\":\"http:\/\/www.epiphany.no\/?page_id=6#breadcrumb\",\"itemListElement\":[{\"@type\":\"ListItem\",\"position\":1,\"name\":\"Home\",\"item\":\"http:\/\/www.epiphany.no\/\"},{\"@type\":\"ListItem\",\"position\":2,\"name\":\"Vita\/ CV\"}]}]}<\/script>\n<!-- \/ Yoast SEO plugin. -->","yoast_head_json":{"title":"Vita\/ CV - Vidar Bratlund-M\u00e6land","robots":{"index":"index","follow":"follow","max-snippet":"max-snippet:-1","max-image-preview":"max-image-preview:large","max-video-preview":"max-video-preview:-1"},"canonical":"http:\/\/www.epiphany.no\/?page_id=6","schema":{"@context":"https:\/\/schema.org","@graph":[{"@type":"BreadcrumbList","@id":"http:\/\/www.epiphany.no\/?page_id=6#breadcrumb","itemListElement":[{"@type":"ListItem","position":1,"name":"Home","item":"http:\/\/www.epiphany.no\/"},{"@type":"ListItem","position":2,"name":"Vita\/ CV"}]}]}},"_links":{"self":[{"href":"http:\/\/www.epiphany.no\/index.php?rest_route=\/wp\/v2\/pages\/6","targetHints":{"allow":["GET"]}}],"collection":[{"href":"http:\/\/www.epiphany.no\/index.php?rest_route=\/wp\/v2\/pages"}],"about":[{"href":"http:\/\/www.epiphany.no\/index.php?rest_route=\/wp\/v2\/types\/page"}],"author":[{"embeddable":true,"href":"http:\/\/www.epiphany.no\/index.php?rest_route=\/wp\/v2\/users\/1"}],"replies":[{"embeddable":true,"href":"http:\/\/www.epiphany.no\/index.php?rest_route=%2Fwp%2Fv2%2Fcomments&post=6"}],"version-history":[{"count":121,"href":"http:\/\/www.epiphany.no\/index.php?rest_route=\/wp\/v2\/pages\/6\/revisions"}],"predecessor-version":[{"id":544,"href":"http:\/\/www.epiphany.no\/index.php?rest_route=\/wp\/v2\/pages\/6\/revisions\/544"}],"wp:attachment":[{"href":"http:\/\/www.epiphany.no\/index.php?rest_route=%2Fwp%2Fv2%2Fmedia&parent=6"}],"curies":[{"name":"wp","href":"https:\/\/api.w.org\/{rel}","templated":true}]}}