{"id":11,"date":"2011-11-30T20:38:00","date_gmt":"2011-11-30T20:38:00","guid":{"rendered":"http:\/\/www.epiphany.no\/?page_id=11"},"modified":"2018-04-23T13:09:39","modified_gmt":"2018-04-23T13:09:39","slug":"om-vidar","status":"publish","type":"page","link":"https:\/\/www.epiphany.no\/?page_id=11","title":{"rendered":"Om Vidar\/ About"},"content":{"rendered":"<p>Vidar Bratlund-M\u00e6land (f: 1978) er skulpt\u00f8r og biletkunstnar som jobber ut fr\u00e5 <a href=\"http:\/\/www.solbakkestova.no\" target=\"_blank\" rel=\"noopener\">Galleri Solbakkestova <\/a>i Os utanfor Bergen. I <a href=\"http:\/\/www.solbakkestova.no\" target=\"_blank\" rel=\"noopener\">Solbakkestova<\/a> har han atelier s\u00e5 vel som fast utstilling. Der finn ein og verka til <a href=\"http:\/\/www.arne-art.no\" target=\"_blank\" rel=\"noopener\">Arne M\u00e6land<\/a>.\u00a0 Han hadde sitt fyrste skulpturoppdrag i 1994 og har jobba aktivt sidan d\u00e5. Sidan 2005 har jobba p\u00e5 heil tid med kunsten. Hovedvirke har vore oppdrag av skulptur og maleri. Han har gjort fleire leikeskulpturar, forsvarsminnesmerke og minnesmerke av lokale kulturpersonar. Han mest kjend hans skulptur av <span style=\"color: #000000\"><a style=\"color: #000000\" href=\"http:\/\/www.vargveum.no\" target=\"_blank\" rel=\"noopener\">Varg Veum<\/a><\/span><span style=\"color: #000000\"> i<\/span> Bergen og skilpturen av Per Hysing-Dahl p\u00e5 Flesland, Bergen Lufthavn. Han har og u<span style=\"color: #000000\">tgitt 6\u00a0<\/span><span style=\"color: #000000\"><a style=\"color: #000000\" href=\"http:\/\/www.kaldkaffisauen.no\" target=\"_blank\" rel=\"noopener\">barneb\u00f8ker<\/a><\/span><span style=\"color: #000000\"> 7 julehefter og 3 lengre teikneserier.<\/span><\/p>\n<p>P\u00e5 Fjesboka:\u00a0<a href=\"https:\/\/www.facebook.com\/bratlundmaeland\">https:\/\/www.facebook.com\/bratlundmaeland<\/a><\/p>\n<p><a style=\"line-height: 1.5\" href=\"http:\/\/www.epiphany.no\/wp-content\/uploads\/2011\/11\/img_2744.jpg\"><img fetchpriority=\"high\" decoding=\"async\" src=\"http:\/\/www.epiphany.no\/wp-content\/uploads\/2011\/11\/img_2744.jpg\" class=\"wp-image-236 size-full\" data-wp-pid=\"236\" height=\"478\" alt=\"img_2744\" width=\"640\" srcset=\"https:\/\/www.epiphany.no\/wp-content\/uploads\/2011\/11\/img_2744.jpg 640w, https:\/\/www.epiphany.no\/wp-content\/uploads\/2011\/11\/img_2744-150x112.jpg 150w, https:\/\/www.epiphany.no\/wp-content\/uploads\/2011\/11\/img_2744-300x224.jpg 300w\" sizes=\"(max-width: 640px) 100vw, 640px\" \/><\/a><\/p>\n<p>Video fra\u00a0<a href=\"http:\/\/youtu.be\/fM6ZwyF2lmw\">Galleri Solbakkestova<\/a>\u00a0der eg jobber.<\/p>\n","protected":false},"excerpt":{"rendered":"<p>Vidar Bratlund-M\u00e6land (f: 1978) er skulpt\u00f8r og biletkunstnar som jobber ut fr\u00e5 Galleri Solbakkestova i Os utanfor Bergen. I Solbakkestova har han atelier s\u00e5 vel som fast utstilling. Der finn ein og verka til Arne M\u00e6land.\u00a0 Han hadde sitt fyrste skulpturoppdrag i 1994 og har jobba aktivt sidan d\u00e5. Sidan 2005 har jobba p\u00e5 heil <a class=\"read-more\" href=\"https:\/\/www.epiphany.no\/?page_id=11\">Read More<\/a><\/p>\n","protected":false},"author":1,"featured_media":0,"parent":0,"menu_order":0,"comment_status":"open","ping_status":"open","template":"","meta":{"footnotes":""},"class_list":["post-11","page","type-page","status-publish","hentry"],"yoast_head":"<!-- This site is optimized with the Yoast SEO plugin v24.7 - https:\/\/yoast.com\/wordpress\/plugins\/seo\/ -->\n<title>Om Vidar\/ About - Vidar Bratlund-M\u00e6land<\/title>\n<meta name=\"robots\" content=\"index, follow, max-snippet:-1, max-image-preview:large, max-video-preview:-1\" \/>\n<link rel=\"canonical\" href=\"https:\/\/www.epiphany.no\/?page_id=11\" \/>\n<script type=\"application\/ld+json\" class=\"yoast-schema-graph\">{\"@context\":\"https:\/\/schema.org\",\"@graph\":[{\"@type\":\"BreadcrumbList\",\"@id\":\"https:\/\/www.epiphany.no\/?page_id=11#breadcrumb\",\"itemListElement\":[{\"@type\":\"ListItem\",\"position\":1,\"name\":\"Home\",\"item\":\"https:\/\/www.epiphany.no\/\"},{\"@type\":\"ListItem\",\"position\":2,\"name\":\"Om Vidar\/ About\"}]}]}<\/script>\n<!-- \/ Yoast SEO plugin. -->","yoast_head_json":{"title":"Om Vidar\/ About - Vidar Bratlund-M\u00e6land","robots":{"index":"index","follow":"follow","max-snippet":"max-snippet:-1","max-image-preview":"max-image-preview:large","max-video-preview":"max-video-preview:-1"},"canonical":"https:\/\/www.epiphany.no\/?page_id=11","schema":{"@context":"https:\/\/schema.org","@graph":[{"@type":"BreadcrumbList","@id":"https:\/\/www.epiphany.no\/?page_id=11#breadcrumb","itemListElement":[{"@type":"ListItem","position":1,"name":"Home","item":"https:\/\/www.epiphany.no\/"},{"@type":"ListItem","position":2,"name":"Om Vidar\/ About"}]}]}},"_links":{"self":[{"href":"https:\/\/www.epiphany.no\/index.php?rest_route=\/wp\/v2\/pages\/11","targetHints":{"allow":["GET"]}}],"collection":[{"href":"https:\/\/www.epiphany.no\/index.php?rest_route=\/wp\/v2\/pages"}],"about":[{"href":"https:\/\/www.epiphany.no\/index.php?rest_route=\/wp\/v2\/types\/page"}],"author":[{"embeddable":true,"href":"https:\/\/www.epiphany.no\/index.php?rest_route=\/wp\/v2\/users\/1"}],"replies":[{"embeddable":true,"href":"https:\/\/www.epiphany.no\/index.php?rest_route=%2Fwp%2Fv2%2Fcomments&post=11"}],"version-history":[{"count":24,"href":"https:\/\/www.epiphany.no\/index.php?rest_route=\/wp\/v2\/pages\/11\/revisions"}],"predecessor-version":[{"id":411,"href":"https:\/\/www.epiphany.no\/index.php?rest_route=\/wp\/v2\/pages\/11\/revisions\/411"}],"wp:attachment":[{"href":"https:\/\/www.epiphany.no\/index.php?rest_route=%2Fwp%2Fv2%2Fmedia&parent=11"}],"curies":[{"name":"wp","href":"https:\/\/api.w.org\/{rel}","templated":true}]}}